{"id":1230,"date":"2018-06-25T07:04:13","date_gmt":"2018-06-25T05:04:13","guid":{"rendered":"http:\/\/www.pferdundfahrrad.de\/?page_id=1230"},"modified":"2025-02-13T10:04:54","modified_gmt":"2025-02-13T09:04:54","slug":"datenschutzerklaerung","status":"publish","type":"page","link":"http:\/\/www.pferdundfahrrad.de\/?page_id=1230","title":{"rendered":"Datenschutzerkl\u00e4rung"},"content":{"rendered":"<div class=\"ig_attention\">\n<h3><span style=\"color: #003366;\"><strong>Datenschutz<\/strong><\/span><\/h3>\n<\/div>\n<p><span style=\"color: #003366;\">Die Betreiber dieser Seiten nehmen den Schutz Ihrer pers\u00f6nlichen Daten sehr ernst. Wir behandeln Ihre personenbezogenen Daten vertraulich und entsprechend der gesetzlichen Datenschutzvorschriften sowie dieser Datenschutzerkl\u00e4rung.<\/span><\/p>\n<p><strong><span style=\"color: #003366;\">Verantwortlicher der Seite<\/span><\/strong><\/p>\n<p><span style=\"color: #003366;\">Fuhrmannshof Hiddensee GBR<\/span><br \/>\n<span style=\"color: #003366;\"> K. Meissner &amp; Bodo Tiburtius<\/span><br \/>\n<span style=\"color: #003366;\"> Achtern Diek 27<\/span><br \/>\n<span style=\"color: #003366;\"> 18565 Vitte<\/span><\/p>\n<p><span style=\"color: #003366;\"><a style=\"color: #003366;\" href=\"http:\/\/www.pferdundfahrrad.de\/\">www.pferdundfahrrad.de<\/a><\/span><\/p>\n<p><span style=\"color: #003366;\">info@pferdundfahrrad.de<\/span><\/p>\n<p><span style=\"color: #003366;\">Tel. : (038300) 680 15\u00a0<\/span><\/p>\n<p><span style=\"color: #003366;\">Fax: \u00a0(038302) 887718<\/span><\/p>\n<p><span style=\"color: #003366;\">Die Nutzung unserer Webseite ist in der Regel ohne Angabe personenbezogener Daten m\u00f6glich. Soweit auf unseren Seiten personenbezogene Daten (beispielsweise Name, Anschrift oder E-Mail-Adressen) erhoben werden, erfolgt dies, soweit m\u00f6glich, stets auf freiwilliger Basis. Diese Daten werden ohne Ihre ausdr\u00fcckliche Zustimmung nicht an Dritte weitergegeben.<\/span><\/p>\n<p><span style=\"color: #003366;\">Wir weisen darauf hin, dass die Daten\u00fcbertragung im Internet (z.B. bei der Kommunikation per E-Mail) Sicherheitsl\u00fccken aufweisen kann. Ein l\u00fcckenloser Schutz der Daten vor dem Zugriff durch Dritte ist nicht m\u00f6glich.<\/span><\/p>\n<p><span style=\"color: #003366;\">Sie k\u00f6nnen die Speicherung der Cookies durch eine entsprechende Einstellung Ihrer Browser-Software verhindern; wir weisen Sie jedoch darauf hin, dass Sie in diesem Fall gegebenenfalls nicht s\u00e4mtliche Funktionen dieser Website vollumf\u00e4nglich werden nutzen k\u00f6nnen. Sie k\u00f6nnen dar\u00fcber hinaus die Erfassung der durch das Cookie erzeugten und auf Ihre Nutzung der Website bezogenen Daten (inkl. Ihrer IP-Adresse) an Google sowie die Verarbeitung dieser Daten durch Google verhindern, indem sie das unter dem folgenden Link verf\u00fcgbare Browser-Plugin herunterladen und installieren: <a style=\"color: #003366;\" href=\"http:\/\/tools.google.com\/dlpage\/gaoptout?hl=de\" target=\"_blank\" rel=\"noopener\">http:\/\/tools.google.com\/dlpage\/gaoptout?hl=de<\/a><\/span><\/p>\n<p><span style=\"color: #003366;\"><strong>Cookies<\/strong><\/span><br \/>\n<span style=\"color: #003366;\"> Die Internetseiten verwenden teilweise so genannte Cookies. Cookies richten auf Ihrem Rechner keinen<\/span><br \/>\n<span style=\"color: #003366;\"> Schaden an und enthalten keine Viren. Cookies dienen dazu, unser Angebot nutzerfreundlicher, effektiver<\/span><br \/>\n<span style=\"color: #003366;\"> und sicherer zu machen. Cookies sind kleine Textdateien, die auf Ihrem Rechner abgelegt werden und<\/span><br \/>\n<span style=\"color: #003366;\"> die Ihr Browser speichert.<\/span><br \/>\n<span style=\"color: #003366;\"> Die meisten der von uns verwendeten Cookies sind so genannte \u201eSession-Cookies\u201c. Sie werden nach<\/span><br \/>\n<span style=\"color: #003366;\"> Ende Ihres Besuchs automatisch gel\u00f6scht. Andere Cookies bleiben auf Ihrem Endger\u00e4t gespeichert, bis<\/span><br \/>\n<span style=\"color: #003366;\"> Sie diese l\u00f6schen. Diese Cookies erm\u00f6glichen es uns, Ihren Browser beim n\u00e4chsten Besuch<\/span><br \/>\n<span style=\"color: #003366;\"> wiederzuerkennen.<\/span><br \/>\n<span style=\"color: #003366;\"> Sie k\u00f6nnen Ihren Browser so einstellen, dass Sie \u00fcber das Setzen von Cookies informiert werden und<\/span><br \/>\n<span style=\"color: #003366;\"> Cookies nur im Einzelfall erlauben, die Annahme von Cookies f\u00fcr bestimmte F\u00e4lle oder generell<\/span><br \/>\n<span style=\"color: #003366;\"> ausschlie\u00dfen sowie das automatische L\u00f6schen der Cookies beim Schlie\u00dfen des Browser aktivieren. Bei<\/span><br \/>\n<span style=\"color: #003366;\"> der Deaktivierung von Cookies kann die Funktionalit\u00e4t dieser Website eingeschr\u00e4nkt sein.<\/span><\/p>\n<p><span style=\"color: #003366;\"><strong> Server-Log-Files<\/strong><\/span><br \/>\n<span style=\"color: #003366;\"> Der Provider der Seiten erhebt und speichert automatisch Informationen in so genannten Server-Log<\/span><br \/>\n<span style=\"color: #003366;\"> Files, die Ihr Browser automatisch an uns \u00fcbermittelt. Dies sind:<\/span><br \/>\n<span style=\"color: #003366;\"> Browsertyp und Browserversion<\/span><br \/>\n<span style=\"color: #003366;\"> verwendetes Betriebssystem<\/span><br \/>\n<span style=\"color: #003366;\"> Referrer URL<\/span><br \/>\n<span style=\"color: #003366;\"> Hostname des zugreifenden Rechners<\/span><br \/>\n<span style=\"color: #003366;\"> Uhrzeit der Serveranfrage<\/span><br \/>\n<span style=\"color: #003366;\"> Diese Daten sind nicht bestimmten Personen zuordenbar. Eine Zusammenf\u00fchrung dieser Daten mit<\/span><br \/>\n<span style=\"color: #003366;\"> anderen Datenquellen wird nicht vorgenommen. Wir behalten uns vor, diese Daten nachtr\u00e4glich zu<\/span><br \/>\n<span style=\"color: #003366;\"> pr\u00fcfen, wenn uns konkrete Anhaltspunkte f\u00fcr eine rechtswidrige Nutzung bekannt werden.<\/span><\/p>\n<p><span style=\"color: #003366;\"><strong> Kontaktformular<\/strong><\/span><br \/>\n<span style=\"color: #003366;\"> Wenn Sie uns per Kontaktformular Anfragen zukommen lassen, werden Ihre Angaben aus dem<\/span><br \/>\n<span style=\"color: #003366;\"> Anfrageformular inklusive der von Ihnen dort angegebenen Kontaktdaten zwecks Bearbeitung der<\/span><br \/>\n<span style=\"color: #003366;\"> Anfrage und f\u00fcr den Fall von Anschlussfragen bei uns gespeichert. Diese Daten geben wir nicht ohne Ihre<\/span><br \/>\n<span style=\"color: #003366;\"> Einwilligung weiter.<\/span><\/p>\n<p><span style=\"color: #003366;\"><strong> SSL-Verschl\u00fcsselung<\/strong><\/span><br \/>\n<span style=\"color: #003366;\"> Diese Seite nutzt aus Gr\u00fcnden der Sicherheit und zum Schutz der \u00dcbertragung vertraulicher Inhalte, wie<\/span><br \/>\n<span style=\"color: #003366;\"> zum Beispiel der Anfragen, die Sie an uns als Seitenbetreiber senden, eine SSL-Verschl\u00fcsselung. Eine<\/span><br \/>\n<span style=\"color: #003366;\"> verschl\u00fcsselte Verbindung erkennen Sie daran, dass die Adresszeile des Browsers von &#8222;http:\/\/&#8220; auf<\/span><br \/>\n<span style=\"color: #003366;\"> &#8222;https:\/\/&#8220; wechselt und an dem Schloss-Symbol in Ihrer Browserzeile.<\/span><br \/>\n<span style=\"color: #003366;\"> Wenn die SSL Verschl\u00fcsselung aktiviert ist, k\u00f6nnen die Daten, die Sie an uns \u00fcbermitteln, nicht von<\/span><br \/>\n<span style=\"color: #003366;\"> Dritten mitgelesen werden.<\/span><\/p>\n<p><span style=\"color: #003366;\"><strong> Recht auf Auskunft, L\u00f6schung, Sperrung<\/strong><\/span><br \/>\n<span style=\"color: #003366;\"> Sie haben jederzeit das Recht auf unentgeltliche Auskunft \u00fcber Ihre gespeicherten personenbezogenen<\/span><br \/>\n<span style=\"color: #003366;\"> Daten, deren Herkunft und Empf\u00e4nger und den Zweck der Datenverarbeitung sowie ein Recht auf<\/span><br \/>\n<span style=\"color: #003366;\"> Berichtigung, Sperrung oder L\u00f6schung dieser Daten. Hierzu sowie zu weiteren Fragen zum Thema<\/span><br \/>\n<span style=\"color: #003366;\"> personenbezogene Daten k\u00f6nnen Sie sich jederzeit unter der im Impressum angegebenen Adresse an<\/span><br \/>\n<span style=\"color: #003366;\"> uns wenden.<\/span><\/p>\n<p><span style=\"color: #003366;\"> Quelle: e-recht24.de<\/span><\/p>\n","protected":false},"excerpt":{"rendered":"<p>Datenschutz Die Betreiber dieser Seiten nehmen den Schutz Ihrer pers\u00f6nlichen Daten sehr ernst. Wir behandeln Ihre personenbezogenen Daten vertraulich und entsprechend der gesetzlichen Datenschutzvorschriften sowie dieser Datenschutzerkl\u00e4rung. Verantwortlicher der Seite Fuhrmannshof Hiddensee GBR K. Meissner &amp; Bodo Tiburtius Achtern Diek 27 18565 Vitte www.pferdundfahrrad.de info@pferdundfahrrad.de Tel. : (038300) 680 15\u00a0 Fax: \u00a0(038302) 887718 Die Nutzung [&hellip;]<\/p>\n","protected":false},"author":1,"featured_media":0,"parent":0,"menu_order":0,"comment_status":"closed","ping_status":"closed","template":"","meta":{"footnotes":""},"class_list":["post-1230","page","type-page","status-publish","hentry"],"yoast_head":"<!-- This site is optimized with the Yoast SEO plugin v27.5 - https:\/\/yoast.com\/product\/yoast-seo-wordpress\/ -->\n<title>Datenschutzerkl\u00e4rung - Fuhrmannshof Hiddensee GBR<\/title>\n<meta name=\"robots\" content=\"index, follow, max-snippet:-1, max-image-preview:large, max-video-preview:-1\" \/>\n<link rel=\"canonical\" href=\"http:\/\/www.pferdundfahrrad.de\/?page_id=1230\" \/>\n<meta property=\"og:locale\" content=\"de_DE\" \/>\n<meta property=\"og:type\" content=\"article\" \/>\n<meta property=\"og:title\" content=\"Datenschutzerkl\u00e4rung - Fuhrmannshof Hiddensee GBR\" \/>\n<meta property=\"og:description\" content=\"Datenschutz Die Betreiber dieser Seiten nehmen den Schutz Ihrer pers\u00f6nlichen Daten sehr ernst. Wir behandeln Ihre personenbezogenen Daten vertraulich und entsprechend der gesetzlichen Datenschutzvorschriften sowie dieser Datenschutzerkl\u00e4rung. Verantwortlicher der Seite Fuhrmannshof Hiddensee GBR K. Meissner &amp; Bodo Tiburtius Achtern Diek 27 18565 Vitte www.pferdundfahrrad.de info@pferdundfahrrad.de Tel. : (038300) 680 15\u00a0 Fax: \u00a0(038302) 887718 Die Nutzung [&hellip;]\" \/>\n<meta property=\"og:url\" content=\"http:\/\/www.pferdundfahrrad.de\/?page_id=1230\" \/>\n<meta property=\"og:site_name\" content=\"Fuhrmannshof Hiddensee GBR\" \/>\n<meta property=\"article:modified_time\" content=\"2025-02-13T09:04:54+00:00\" \/>\n<meta property=\"og:image\" content=\"http:\/\/www.pferdundfahrrad.de\/wp-content\/uploads\/2015\/06\/Hiddensee.png\" \/>\n\t<meta property=\"og:image:width\" content=\"760\" \/>\n\t<meta property=\"og:image:height\" content=\"388\" \/>\n\t<meta property=\"og:image:type\" content=\"image\/png\" \/>\n<meta name=\"twitter:card\" content=\"summary_large_image\" \/>\n<meta name=\"twitter:label1\" content=\"Gesch\u00e4tzte Lesezeit\" \/>\n\t<meta name=\"twitter:data1\" content=\"4\u00a0Minuten\" \/>\n<script type=\"application\/ld+json\" class=\"yoast-schema-graph\">{\"@context\":\"https:\\\/\\\/schema.org\",\"@graph\":[{\"@type\":\"WebPage\",\"@id\":\"http:\\\/\\\/www.pferdundfahrrad.de\\\/?page_id=1230\",\"url\":\"http:\\\/\\\/www.pferdundfahrrad.de\\\/?page_id=1230\",\"name\":\"Datenschutzerkl\u00e4rung - Fuhrmannshof Hiddensee GBR\",\"isPartOf\":{\"@id\":\"http:\\\/\\\/www.pferdundfahrrad.de\\\/#website\"},\"datePublished\":\"2018-06-25T05:04:13+00:00\",\"dateModified\":\"2025-02-13T09:04:54+00:00\",\"breadcrumb\":{\"@id\":\"http:\\\/\\\/www.pferdundfahrrad.de\\\/?page_id=1230#breadcrumb\"},\"inLanguage\":\"de\",\"potentialAction\":[{\"@type\":\"ReadAction\",\"target\":[\"http:\\\/\\\/www.pferdundfahrrad.de\\\/?page_id=1230\"]}]},{\"@type\":\"BreadcrumbList\",\"@id\":\"http:\\\/\\\/www.pferdundfahrrad.de\\\/?page_id=1230#breadcrumb\",\"itemListElement\":[{\"@type\":\"ListItem\",\"position\":1,\"name\":\"Home\",\"item\":\"http:\\\/\\\/www.pferdundfahrrad.de\\\/\"},{\"@type\":\"ListItem\",\"position\":2,\"name\":\"Datenschutzerkl\u00e4rung\"}]},{\"@type\":\"WebSite\",\"@id\":\"http:\\\/\\\/www.pferdundfahrrad.de\\\/#website\",\"url\":\"http:\\\/\\\/www.pferdundfahrrad.de\\\/\",\"name\":\"Fuhrmannshof Hiddensee GBR\",\"description\":\"\",\"potentialAction\":[{\"@type\":\"SearchAction\",\"target\":{\"@type\":\"EntryPoint\",\"urlTemplate\":\"http:\\\/\\\/www.pferdundfahrrad.de\\\/?s={search_term_string}\"},\"query-input\":{\"@type\":\"PropertyValueSpecification\",\"valueRequired\":true,\"valueName\":\"search_term_string\"}}],\"inLanguage\":\"de\"}]}<\/script>\n<!-- \/ Yoast SEO plugin. -->","yoast_head_json":{"title":"Datenschutzerkl\u00e4rung - Fuhrmannshof Hiddensee GBR","robots":{"index":"index","follow":"follow","max-snippet":"max-snippet:-1","max-image-preview":"max-image-preview:large","max-video-preview":"max-video-preview:-1"},"canonical":"http:\/\/www.pferdundfahrrad.de\/?page_id=1230","og_locale":"de_DE","og_type":"article","og_title":"Datenschutzerkl\u00e4rung - Fuhrmannshof Hiddensee GBR","og_description":"Datenschutz Die Betreiber dieser Seiten nehmen den Schutz Ihrer pers\u00f6nlichen Daten sehr ernst. Wir behandeln Ihre personenbezogenen Daten vertraulich und entsprechend der gesetzlichen Datenschutzvorschriften sowie dieser Datenschutzerkl\u00e4rung. Verantwortlicher der Seite Fuhrmannshof Hiddensee GBR K. Meissner &amp; Bodo Tiburtius Achtern Diek 27 18565 Vitte www.pferdundfahrrad.de info@pferdundfahrrad.de Tel. : (038300) 680 15\u00a0 Fax: \u00a0(038302) 887718 Die Nutzung [&hellip;]","og_url":"http:\/\/www.pferdundfahrrad.de\/?page_id=1230","og_site_name":"Fuhrmannshof Hiddensee GBR","article_modified_time":"2025-02-13T09:04:54+00:00","og_image":[{"width":760,"height":388,"url":"http:\/\/www.pferdundfahrrad.de\/wp-content\/uploads\/2015\/06\/Hiddensee.png","type":"image\/png"}],"twitter_card":"summary_large_image","twitter_misc":{"Gesch\u00e4tzte Lesezeit":"4\u00a0Minuten"},"schema":{"@context":"https:\/\/schema.org","@graph":[{"@type":"WebPage","@id":"http:\/\/www.pferdundfahrrad.de\/?page_id=1230","url":"http:\/\/www.pferdundfahrrad.de\/?page_id=1230","name":"Datenschutzerkl\u00e4rung - Fuhrmannshof Hiddensee GBR","isPartOf":{"@id":"http:\/\/www.pferdundfahrrad.de\/#website"},"datePublished":"2018-06-25T05:04:13+00:00","dateModified":"2025-02-13T09:04:54+00:00","breadcrumb":{"@id":"http:\/\/www.pferdundfahrrad.de\/?page_id=1230#breadcrumb"},"inLanguage":"de","potentialAction":[{"@type":"ReadAction","target":["http:\/\/www.pferdundfahrrad.de\/?page_id=1230"]}]},{"@type":"BreadcrumbList","@id":"http:\/\/www.pferdundfahrrad.de\/?page_id=1230#breadcrumb","itemListElement":[{"@type":"ListItem","position":1,"name":"Home","item":"http:\/\/www.pferdundfahrrad.de\/"},{"@type":"ListItem","position":2,"name":"Datenschutzerkl\u00e4rung"}]},{"@type":"WebSite","@id":"http:\/\/www.pferdundfahrrad.de\/#website","url":"http:\/\/www.pferdundfahrrad.de\/","name":"Fuhrmannshof Hiddensee GBR","description":"","potentialAction":[{"@type":"SearchAction","target":{"@type":"EntryPoint","urlTemplate":"http:\/\/www.pferdundfahrrad.de\/?s={search_term_string}"},"query-input":{"@type":"PropertyValueSpecification","valueRequired":true,"valueName":"search_term_string"}}],"inLanguage":"de"}]}},"_links":{"self":[{"href":"http:\/\/www.pferdundfahrrad.de\/index.php?rest_route=\/wp\/v2\/pages\/1230","targetHints":{"allow":["GET"]}}],"collection":[{"href":"http:\/\/www.pferdundfahrrad.de\/index.php?rest_route=\/wp\/v2\/pages"}],"about":[{"href":"http:\/\/www.pferdundfahrrad.de\/index.php?rest_route=\/wp\/v2\/types\/page"}],"author":[{"embeddable":true,"href":"http:\/\/www.pferdundfahrrad.de\/index.php?rest_route=\/wp\/v2\/users\/1"}],"replies":[{"embeddable":true,"href":"http:\/\/www.pferdundfahrrad.de\/index.php?rest_route=%2Fwp%2Fv2%2Fcomments&post=1230"}],"version-history":[{"count":6,"href":"http:\/\/www.pferdundfahrrad.de\/index.php?rest_route=\/wp\/v2\/pages\/1230\/revisions"}],"predecessor-version":[{"id":3045,"href":"http:\/\/www.pferdundfahrrad.de\/index.php?rest_route=\/wp\/v2\/pages\/1230\/revisions\/3045"}],"wp:attachment":[{"href":"http:\/\/www.pferdundfahrrad.de\/index.php?rest_route=%2Fwp%2Fv2%2Fmedia&parent=1230"}],"curies":[{"name":"wp","href":"https:\/\/api.w.org\/{rel}","templated":true}]}}