{"id":2,"date":"2026-04-14T07:45:00","date_gmt":"2026-04-14T05:45:00","guid":{"rendered":"http:\/\/www.pferdundfahrrad.de\/wp\/?page_id=2"},"modified":"2026-04-14T10:59:39","modified_gmt":"2026-04-14T08:59:39","slug":"die-insel-hiddensee-mit-pferd-und-fahrrad-erleben","status":"publish","type":"page","link":"http:\/\/www.pferdundfahrrad.de\/","title":{"rendered":"Fuhrmannshof Hiddensee GBR"},"content":{"rendered":"\n<p><\/p>\n\n\n\n<p><\/p>\n\n\n\n<p><\/p>\n\n\n<h2><span style=\"color: #003366;\"><strong>Insel Hiddensee mit Pferd und Kutsche erleben.<\/strong><\/span><\/h2>\n<h2>\u00a0<\/h2>\n<h2 style=\"text-align: justify;\"><span style=\"color: #003366;\"><strong>F\u00fcr Ihren Tagesausflug\u00a0auf unserer sch\u00f6nen Insel Hiddensee\u00a0bieten wir Ihnen eine Vielzahl an M\u00f6glichkeiten.\u00a0<\/strong><\/span><\/h2>\n<p><span style=\"color: #003366;\">Erleben Sie Hiddensee in vollem Umfang von Neuendorf bis Kloster, Grieben,<br \/>ein Reiseerlebnis von S\u00fcd nach Nord oder\u00a0umgekehrt, der Insel.<\/span><\/p>\n<p><span style=\"color: #003366;\">Warum nicht einmal eine Kutschfahrt auf der Insel nach Ihren Vorstellungen machen,<br \/>oder eine Inselrundfahrt buchen.<\/span><\/p>\n<p><strong><span style=\"color: #003366;\">Auch als\u00a0ein Reiseziel f\u00fcr Reiseveranstalter, Busgruppen, oder Flusskreuzfahrtschiffe<br \/>interessant.<\/span><\/strong><\/p>\n<table border=\"0\" width=\"100%\" cellspacing=\"0\" cellpadding=\"0\" align=\"left\">\n<tbody>\n<tr>\n<td align=\"left\" valign=\"top\">\n<ul>\n<li style=\"text-align: left;\"><span style=\"color: #008080;\"><strong>Organisation von Tagesausfl\u00fcgen<\/strong><\/span><\/li>\n<\/ul>\n<\/td>\n<td rowspan=\"8\" align=\"center\" valign=\"top\">\n<figure id=\"attachment_910\" aria-describedby=\"caption-attachment-910\" style=\"width: 420px\" class=\"wp-caption alignnone\"><img loading=\"lazy\" decoding=\"async\" class=\"wp-image-910 size-thumbnail\" title=\"Fuhrmannshof &amp; Fahrradverleih Hiddensee GBR\" src=\"http:\/\/www.pferdundfahrrad.de\/wp-content\/uploads\/2015\/09\/hiddensee-pferdundfahrrad-420x746.jpg\" alt=\"Die Insel Hiddensee mit Pferd und Fahrrad erleben. Fuhrmannshof &amp; Fahrradverleih Hiddensee GBR\" width=\"420\" height=\"746\" srcset=\"http:\/\/www.pferdundfahrrad.de\/wp-content\/uploads\/2015\/09\/hiddensee-pferdundfahrrad-420x746.jpg 420w, http:\/\/www.pferdundfahrrad.de\/wp-content\/uploads\/2015\/09\/hiddensee-pferdundfahrrad.jpg 732w\" sizes=\"auto, (max-width: 420px) 100vw, 420px\" \/><figcaption id=\"caption-attachment-910\" class=\"wp-caption-text\"><span style=\"color: #000080;\">Hiddensee, Fuhrmannshof Hiddensee GBR, Ein Reiseziel f\u00fcr Reiseveranstalter. Wir fahren f\u00fcr Sie \u00a0von April &#8211; Oktober mit dem Kremser, Gruppenreisen., Charterfahrten nach Ihrer Wahl.<\/span><\/figcaption><\/figure>\n<\/td>\n<\/tr>\n<tr>\n<td><span style=\"color: #800000;\">Gerne auch &#8222;alles inklusive&#8220; &#8211; Ihr individuelles Tagesprogramm nach Wahl:<\/span><br \/><span style=\"color: #003366;\">Kutschfahrten ab Neuendorf\/Vitte &amp; Kloster.<\/span> <span style=\"color: #003366;\">Wir organisieren Ihren Tag!<\/span><\/td>\n<\/tr>\n<tr>\n<td>\n<ul>\n<li><span style=\"color: #003366;\">Mittagessen\/Imbiss in Kloster<\/span><\/li>\n<li><span style=\"color: #003366;\">Besichtigung des Ortes Kloster auf eigene Faust<\/span><\/li>\n<li><span style=\"color: #003366;\">Wanderung zum Dornbusch<\/span><\/li>\n<li><span style=\"color: #003366;\">Schiffs\u00fcberfahrt<\/span><\/li>\n<li><span style=\"color: #003366;\">Kurabgabe\u00a0<\/span><span style=\"color: #003366;\">alles bei einer <span style=\"color: #800000;\">Mindestteilnehmer von 15 Personen<\/span><\/span><\/li>\n<\/ul>\n<\/td>\n<\/tr>\n<tr>\n<td><span style=\"color: #003366;\"><img loading=\"lazy\" decoding=\"async\" class=\"alignnone wp-image-165 size-full\" title=\"Fuhrmannshof &amp; Fahrradverleih Hiddensee GBR\" src=\"http:\/\/www.pferdundfahrrad.de\/wp-content\/uploads\/2015\/06\/busgruppen.jpg\" alt=\"Die Insel Hiddensee mit Pferd und Fahrrad erleben. Fuhrmannshof &amp; Fahrradverleih Hiddensee GBR\" width=\"278\" height=\"195\" \/><\/span><\/td>\n<\/tr>\n<tr>\n<td align=\"left\" valign=\"top\"><span style=\"text-decoration: underline;\"><span style=\"color: #003366; text-decoration: underline;\">Wir fahren f\u00fcr Sie von April &#8211; Oktober mit unseren Kutschen, Kremsern und Planwagen.<\/span><\/span>\n<ul>\n<li><span style=\"color: #003366;\">Kremserfahrten bis 100 Personen<\/span> <span style=\"color: #003366;\">(Kutschengr\u00f6\u00dfen f\u00fcr 15\/18\/20\/25 Personen)<\/span><\/li>\n<li><span style=\"color: #003366;\">Planwagenfahrten, Sonderfahrten<\/span><\/li>\n<li><span style=\"color: #003366;\">Pferdetaxi<\/span><\/li>\n<li><span style=\"color: #003366;\"><span style=\"color: #003366;\">gastronomische Versorgung<\/span><\/span><\/li>\n<\/ul>\n<figure id=\"attachment_1198\" aria-describedby=\"caption-attachment-1198\" style=\"width: 420px\" class=\"wp-caption alignnone\"><img loading=\"lazy\" decoding=\"async\" class=\"wp-image-1198 size-thumbnail\" title=\"Die Insel Hiddensee mit Pferd und Fahrrad erleben. Fuhrmannshof &amp; Fahrradverleih Hiddensee GBR\" src=\"http:\/\/www.pferdundfahrrad.de\/wp-content\/uploads\/2017\/09\/IMG_9719-420x315.jpg\" alt=\"Die Insel Hiddensee mit Pferd und Fahrrad erleben. Fuhrmannshof &amp; Fahrradverleih Hiddensee GBR\" width=\"420\" height=\"315\" srcset=\"http:\/\/www.pferdundfahrrad.de\/wp-content\/uploads\/2017\/09\/IMG_9719-420x315.jpg 420w, http:\/\/www.pferdundfahrrad.de\/wp-content\/uploads\/2017\/09\/IMG_9719-744x558.jpg 744w, http:\/\/www.pferdundfahrrad.de\/wp-content\/uploads\/2017\/09\/IMG_9719-768x576.jpg 768w, http:\/\/www.pferdundfahrrad.de\/wp-content\/uploads\/2017\/09\/IMG_9719-1200x900.jpg 1200w\" sizes=\"auto, (max-width: 420px) 100vw, 420px\" \/><figcaption id=\"caption-attachment-1198\" class=\"wp-caption-text\">Karusel, Vitte<\/figcaption><\/figure>\n<\/td>\n<\/tr>\n<tr>\n<td><img loading=\"lazy\" decoding=\"async\" class=\"alignnone wp-image-148 size-full\" title=\"Fuhrmannshof &amp; Fahrradverleih Hiddensee GBR\" src=\"http:\/\/www.pferdundfahrrad.de\/wp-content\/uploads\/2015\/06\/ostsee.jpg\" alt=\"Die Insel Hiddensee mit Pferd und Fahrrad erleben.\" width=\"300\" height=\"225\" \/><\/td>\n<\/tr>\n<tr>\n<td><span style=\"color: #800000;\"><strong>Betriebshof:<\/strong> <\/span>\n<h6><span style=\"color: #800000;\"><span class=\"Stil1\">Fuhrmannshof Hiddensee GbR<br \/>K. Meissner &amp; Bodo Tiburtius<br \/><\/span>Achtern Diek 27<br \/>18565 Vitte\u00a0\/ HIDDENSEE<\/span><\/h6>\n<\/td>\n<\/tr>\n<tr>\n<td>\n<h4><span style=\"color: #003366;\">Wir bieten Ihnen f\u00fcr Ihren Aufenthalt auf der Insel:<\/span><\/h4>\n<ul>\n<li>\n<p class=\"Stil1\" style=\"text-align: left;\"><strong><span style=\"color: #236387;\">Kutschfahrten auf der Insel Hiddensee!<\/span><\/strong><\/p>\n<\/li>\n<li style=\"text-align: left;\">\n<p class=\"Stil1\"><strong><span style=\"color: #236387;\">Tagesausfl\u00fcge, Gruppenreisen, Veranstaltungen<\/span><\/strong><\/p>\n<\/li>\n<li style=\"text-align: left;\">\n<p class=\"Stil1\"><strong><span style=\"color: #236387;\">Tagesgruppen-Angebote (alles inklusive)<\/span><\/strong><\/p>\n<\/li>\n<li style=\"text-align: left;\">\n<p class=\"Stil1\"><strong><span style=\"color: #236387;\">Reisegruppenfahrten bis 100 Personen<\/span><\/strong><\/p>\n<\/li>\n<li style=\"text-align: left;\">\n<p class=\"Stil1\"><strong><span style=\"color: #236387;\">Rundfahrten (Kremserfahrten, Kutschfahrten)<\/span><\/strong><\/p>\n<\/li>\n<li style=\"text-align: left;\">\n<p class=\"Stil1\"><strong><span style=\"color: #236387;\">Hermes- &amp; Kurier Transporte<\/span><\/strong><\/p>\n<\/li>\n<\/ul>\n<p><img loading=\"lazy\" decoding=\"async\" class=\"alignnone wp-image-1196 size-full\" title=\"Die Insel Hiddensee mit Pferd und Fahrrad erleben.\" src=\"http:\/\/www.pferdundfahrrad.de\/wp-content\/uploads\/2017\/09\/IMG_9752-e1509621583321.jpg\" alt=\"Die Insel Hiddensee mit Pferd und Fahrrad erleben.\" width=\"300\" height=\"225\" \/><\/p>\n<\/td>\n<\/tr>\n<tr>\n<td><span style=\"color: #003366;\">Wir fahren Sie zu dem von Ihnen\u00a0gew\u00fcnschten Ort auf der Insel Hiddensee,<\/span><span style=\"color: #003366;\"><img loading=\"lazy\" decoding=\"async\" class=\"alignnone wp-image-1197 size-full\" title=\"Die Insel Hiddensee mit Pferd und Fahrrad erleben.\" src=\"http:\/\/www.pferdundfahrrad.de\/wp-content\/uploads\/2017\/09\/IMG_9727-e1509621701396.jpg\" alt=\"Die Insel Hiddensee mit Pferd und Fahrrad erleben.\" width=\"300\" height=\"225\" \/><br \/><a style=\"color: #003366;\" href=\"http:\/\/www.pferdundfahrrad.de\/\">www.pferdundfahrrad.de<\/a><\/span><\/td>\n<td>\u00a0<\/td>\n<\/tr>\n<tr>\n<td><span class=\"Stil1\"><strong><span style=\"color: #800000;\">Wir beraten Sie gerne, bitte rufen Sie uns an,<\/span><\/strong><br \/><\/span> <span style=\"color: #003366;\">Ansprechpartner:<br \/>Frau Kathleen Meissner und<br \/>Herr Bodo Tiburtius<\/span>\n<p style=\"text-align: left;\"><span class=\"Stil1\"><strong> <span style=\"color: #800000;\"> B\u00fcrozeiten: Dienstag &#8211; Samstag<\/span><\/strong><\/span><\/p>\n<p><span style=\"color: #800000;\"><strong>von\u00a0<\/strong><\/span><strong style=\"font-family: inherit; font-size: inherit; line-height: 1.5;\"><span style=\"color: #800000;\">08:00 &#8211; 12:00 Uhr<\/span><\/strong><br \/><strong><span style=\"color: #800000;\">Tel. : (038300) 680 15\u00a0<\/span><\/strong><br \/><strong><span style=\"color: #800000;\">Fax: \u00a0(038302) 887718<\/span><\/strong><\/p>\n<\/td>\n<td>\u00a0<\/td>\n<\/tr>\n<tr>\n<td>\u00a0<\/td>\n<td>\u00a0<\/td>\n<\/tr>\n<\/tbody>\n<\/table>\n<p><!--weiteres--><br \/><span style=\"color: #ffffff;\"><a style=\"color: #ffffff;\" href=\"http:\/\/www.pferdundfahrrad.de\">www.pferdundfahrrad.de<\/a><\/span> <span style=\"color: #ffffff;\"><a style=\"color: #ffffff;\" href=\"http:\/\/www.pferdundfahrrad.eu\">www.pferdundfahrrad.eu<\/a><\/span> <span style=\"color: #ffffff;\"><a style=\"color: #ffffff;\" href=\"http:\/\/www.fahrradverleih-hiddensee.de\">www.fahrradverleih-hiddensee.de<\/a><\/span> <span style=\"color: #ffffff;\"><a style=\"color: #ffffff;\" href=\"http:\/\/www.hiddensee-pferdundfahrrad.de\">www.hiddensee-pferdundfahrrad.de<\/a><\/span> <span style=\"color: #ffffff;\"><a style=\"color: #ffffff;\" href=\"http:\/\/www.kutschfahrten-hiddensee.de\">www.kutschfahrten-hiddensee.de<\/a><\/span> <span style=\"color: #ffffff;\"><a style=\"color: #ffffff;\" href=\"http:\/\/www.kutschfahrten-hiddensee.com\">www.kutschfahrten-hiddensee.com<\/a><\/span> <span style=\"color: #ffffff;\"><a style=\"color: #ffffff;\" href=\"http:\/\/www.hiddensee-kutschfahrten.com\">www.hiddensee-kutschfahrten.com<\/a><\/span><\/p>","protected":false},"excerpt":{"rendered":"<p>Insel Hiddensee mit Pferd und Kutsche erleben. \u00a0 F\u00fcr Ihren Tagesausflug\u00a0auf unserer sch\u00f6nen Insel Hiddensee\u00a0bieten wir Ihnen eine Vielzahl an M\u00f6glichkeiten.\u00a0 Erleben Sie Hiddensee in vollem Umfang von Neuendorf bis Kloster, Grieben,ein Reiseerlebnis von S\u00fcd nach Nord oder\u00a0umgekehrt, der Insel. Warum nicht einmal eine Kutschfahrt auf der Insel nach Ihren Vorstellungen machen,oder eine Inselrundfahrt buchen. [&hellip;]<\/p>\n","protected":false},"author":1,"featured_media":0,"parent":0,"menu_order":1,"comment_status":"closed","ping_status":"closed","template":"","meta":{"footnotes":""},"class_list":["post-2","page","type-page","status-publish","hentry"],"yoast_head":"<!-- This site is optimized with the Yoast SEO plugin v27.4 - https:\/\/yoast.com\/product\/yoast-seo-wordpress\/ -->\n<title>Mit dem Fuhrmannshof &amp; Fahrradverleih Hiddensee die Insel Hiddensee mit Pferd und Fahrrad erleben.<\/title>\n<meta name=\"description\" content=\"Die Insel Hiddensee mit Pferd und Fahrrad erleben. Fuhrmannshof &amp; Fahrradverleih Hiddensee GBR, ein Reiseziel f\u00fcr Reiseveranstalter. Kutschfahrten Hiddensee\" \/>\n<meta name=\"robots\" content=\"index, follow, max-snippet:-1, max-image-preview:large, max-video-preview:-1\" \/>\n<link rel=\"canonical\" href=\"http:\/\/www.pferdundfahrrad.de\/\" \/>\n<meta property=\"og:locale\" content=\"de_DE\" \/>\n<meta property=\"og:type\" content=\"article\" \/>\n<meta property=\"og:title\" content=\"Fuhrmannshof &amp; Fahrradverleih Hiddensee GBR\" \/>\n<meta property=\"og:description\" content=\"Fuhrmannshof &amp; Fahrradverleih Hiddensee GBR\" \/>\n<meta property=\"og:url\" content=\"http:\/\/www.pferdundfahrrad.de\/\" \/>\n<meta property=\"og:site_name\" content=\"Fuhrmannshof Hiddensee GBR\" \/>\n<meta property=\"article:modified_time\" content=\"2026-04-14T08:59:39+00:00\" \/>\n<meta property=\"og:image\" content=\"http:\/\/www.pferdundfahrrad.de\/wp-content\/uploads\/2015\/06\/Hiddensee.png\" \/>\n\t<meta property=\"og:image:width\" content=\"760\" \/>\n\t<meta property=\"og:image:height\" content=\"388\" \/>\n\t<meta property=\"og:image:type\" content=\"image\/png\" \/>\n<meta name=\"twitter:card\" content=\"summary_large_image\" \/>\n<meta name=\"twitter:label1\" content=\"Gesch\u00e4tzte Lesezeit\" \/>\n\t<meta name=\"twitter:data1\" content=\"3\u00a0Minuten\" \/>\n<script type=\"application\/ld+json\" class=\"yoast-schema-graph\">{\"@context\":\"https:\\\/\\\/schema.org\",\"@graph\":[{\"@type\":\"WebPage\",\"@id\":\"http:\\\/\\\/www.pferdundfahrrad.de\\\/\",\"url\":\"http:\\\/\\\/www.pferdundfahrrad.de\\\/\",\"name\":\"Mit dem Fuhrmannshof & Fahrradverleih Hiddensee die Insel Hiddensee mit Pferd und Fahrrad erleben.\",\"isPartOf\":{\"@id\":\"https:\\\/\\\/www.pferdundfahrrad.de\\\/#website\"},\"primaryImageOfPage\":{\"@id\":\"http:\\\/\\\/www.pferdundfahrrad.de\\\/#primaryimage\"},\"image\":{\"@id\":\"http:\\\/\\\/www.pferdundfahrrad.de\\\/#primaryimage\"},\"thumbnailUrl\":\"http:\\\/\\\/www.pferdundfahrrad.de\\\/wp-content\\\/uploads\\\/2015\\\/09\\\/hiddensee-pferdundfahrrad-420x746.jpg\",\"datePublished\":\"2026-04-14T05:45:00+00:00\",\"dateModified\":\"2026-04-14T08:59:39+00:00\",\"description\":\"Die Insel Hiddensee mit Pferd und Fahrrad erleben. Fuhrmannshof & Fahrradverleih Hiddensee GBR, ein Reiseziel f\u00fcr Reiseveranstalter. Kutschfahrten Hiddensee\",\"breadcrumb\":{\"@id\":\"http:\\\/\\\/www.pferdundfahrrad.de\\\/#breadcrumb\"},\"inLanguage\":\"de\",\"potentialAction\":[{\"@type\":\"ReadAction\",\"target\":[\"http:\\\/\\\/www.pferdundfahrrad.de\\\/\"]}]},{\"@type\":\"ImageObject\",\"inLanguage\":\"de\",\"@id\":\"http:\\\/\\\/www.pferdundfahrrad.de\\\/#primaryimage\",\"url\":\"http:\\\/\\\/www.pferdundfahrrad.de\\\/wp-content\\\/uploads\\\/2015\\\/09\\\/hiddensee-pferdundfahrrad.jpg\",\"contentUrl\":\"http:\\\/\\\/www.pferdundfahrrad.de\\\/wp-content\\\/uploads\\\/2015\\\/09\\\/hiddensee-pferdundfahrrad.jpg\",\"width\":732,\"height\":1300,\"caption\":\"Hiddensee, Fuhrmannshof Hiddensee GBR, Ein Reiseziel f\u00fcr Reiseveranstalter. Wir fahren f\u00fcr Sie ganzj\u00e4hrig mit dem Kremser, Gruppenreisen., Charterfahrten nach Ihrer Wahl.\"},{\"@type\":\"BreadcrumbList\",\"@id\":\"http:\\\/\\\/www.pferdundfahrrad.de\\\/#breadcrumb\",\"itemListElement\":[{\"@type\":\"ListItem\",\"position\":1,\"name\":\"Home\",\"item\":\"http:\\\/\\\/www.pferdundfahrrad.de\\\/\"},{\"@type\":\"ListItem\",\"position\":2,\"name\":\"Fuhrmannshof Hiddensee GBR\"}]},{\"@type\":\"WebSite\",\"@id\":\"https:\\\/\\\/www.pferdundfahrrad.de\\\/#website\",\"url\":\"https:\\\/\\\/www.pferdundfahrrad.de\\\/\",\"name\":\"Fuhrmannshof Hiddensee GBR\",\"description\":\"\",\"potentialAction\":[{\"@type\":\"SearchAction\",\"target\":{\"@type\":\"EntryPoint\",\"urlTemplate\":\"https:\\\/\\\/www.pferdundfahrrad.de\\\/?s={search_term_string}\"},\"query-input\":{\"@type\":\"PropertyValueSpecification\",\"valueRequired\":true,\"valueName\":\"search_term_string\"}}],\"inLanguage\":\"de\"}]}<\/script>\n<!-- \/ Yoast SEO plugin. -->","yoast_head_json":{"title":"Mit dem Fuhrmannshof & Fahrradverleih Hiddensee die Insel Hiddensee mit Pferd und Fahrrad erleben.","description":"Die Insel Hiddensee mit Pferd und Fahrrad erleben. Fuhrmannshof & Fahrradverleih Hiddensee GBR, ein Reiseziel f\u00fcr Reiseveranstalter. Kutschfahrten Hiddensee","robots":{"index":"index","follow":"follow","max-snippet":"max-snippet:-1","max-image-preview":"max-image-preview:large","max-video-preview":"max-video-preview:-1"},"canonical":"http:\/\/www.pferdundfahrrad.de\/","og_locale":"de_DE","og_type":"article","og_title":"Fuhrmannshof & Fahrradverleih Hiddensee GBR","og_description":"Fuhrmannshof & Fahrradverleih Hiddensee GBR","og_url":"http:\/\/www.pferdundfahrrad.de\/","og_site_name":"Fuhrmannshof Hiddensee GBR","article_modified_time":"2026-04-14T08:59:39+00:00","og_image":[{"width":760,"height":388,"url":"http:\/\/www.pferdundfahrrad.de\/wp-content\/uploads\/2015\/06\/Hiddensee.png","type":"image\/png"}],"twitter_card":"summary_large_image","twitter_misc":{"Gesch\u00e4tzte Lesezeit":"3\u00a0Minuten"},"schema":{"@context":"https:\/\/schema.org","@graph":[{"@type":"WebPage","@id":"http:\/\/www.pferdundfahrrad.de\/","url":"http:\/\/www.pferdundfahrrad.de\/","name":"Mit dem Fuhrmannshof & Fahrradverleih Hiddensee die Insel Hiddensee mit Pferd und Fahrrad erleben.","isPartOf":{"@id":"https:\/\/www.pferdundfahrrad.de\/#website"},"primaryImageOfPage":{"@id":"http:\/\/www.pferdundfahrrad.de\/#primaryimage"},"image":{"@id":"http:\/\/www.pferdundfahrrad.de\/#primaryimage"},"thumbnailUrl":"http:\/\/www.pferdundfahrrad.de\/wp-content\/uploads\/2015\/09\/hiddensee-pferdundfahrrad-420x746.jpg","datePublished":"2026-04-14T05:45:00+00:00","dateModified":"2026-04-14T08:59:39+00:00","description":"Die Insel Hiddensee mit Pferd und Fahrrad erleben. Fuhrmannshof & Fahrradverleih Hiddensee GBR, ein Reiseziel f\u00fcr Reiseveranstalter. Kutschfahrten Hiddensee","breadcrumb":{"@id":"http:\/\/www.pferdundfahrrad.de\/#breadcrumb"},"inLanguage":"de","potentialAction":[{"@type":"ReadAction","target":["http:\/\/www.pferdundfahrrad.de\/"]}]},{"@type":"ImageObject","inLanguage":"de","@id":"http:\/\/www.pferdundfahrrad.de\/#primaryimage","url":"http:\/\/www.pferdundfahrrad.de\/wp-content\/uploads\/2015\/09\/hiddensee-pferdundfahrrad.jpg","contentUrl":"http:\/\/www.pferdundfahrrad.de\/wp-content\/uploads\/2015\/09\/hiddensee-pferdundfahrrad.jpg","width":732,"height":1300,"caption":"Hiddensee, Fuhrmannshof Hiddensee GBR, Ein Reiseziel f\u00fcr Reiseveranstalter. Wir fahren f\u00fcr Sie ganzj\u00e4hrig mit dem Kremser, Gruppenreisen., Charterfahrten nach Ihrer Wahl."},{"@type":"BreadcrumbList","@id":"http:\/\/www.pferdundfahrrad.de\/#breadcrumb","itemListElement":[{"@type":"ListItem","position":1,"name":"Home","item":"http:\/\/www.pferdundfahrrad.de\/"},{"@type":"ListItem","position":2,"name":"Fuhrmannshof Hiddensee GBR"}]},{"@type":"WebSite","@id":"https:\/\/www.pferdundfahrrad.de\/#website","url":"https:\/\/www.pferdundfahrrad.de\/","name":"Fuhrmannshof Hiddensee GBR","description":"","potentialAction":[{"@type":"SearchAction","target":{"@type":"EntryPoint","urlTemplate":"https:\/\/www.pferdundfahrrad.de\/?s={search_term_string}"},"query-input":{"@type":"PropertyValueSpecification","valueRequired":true,"valueName":"search_term_string"}}],"inLanguage":"de"}]}},"_links":{"self":[{"href":"http:\/\/www.pferdundfahrrad.de\/index.php?rest_route=\/wp\/v2\/pages\/2","targetHints":{"allow":["GET"]}}],"collection":[{"href":"http:\/\/www.pferdundfahrrad.de\/index.php?rest_route=\/wp\/v2\/pages"}],"about":[{"href":"http:\/\/www.pferdundfahrrad.de\/index.php?rest_route=\/wp\/v2\/types\/page"}],"author":[{"embeddable":true,"href":"http:\/\/www.pferdundfahrrad.de\/index.php?rest_route=\/wp\/v2\/users\/1"}],"replies":[{"embeddable":true,"href":"http:\/\/www.pferdundfahrrad.de\/index.php?rest_route=%2Fwp%2Fv2%2Fcomments&post=2"}],"version-history":[{"count":318,"href":"http:\/\/www.pferdundfahrrad.de\/index.php?rest_route=\/wp\/v2\/pages\/2\/revisions"}],"predecessor-version":[{"id":3098,"href":"http:\/\/www.pferdundfahrrad.de\/index.php?rest_route=\/wp\/v2\/pages\/2\/revisions\/3098"}],"wp:attachment":[{"href":"http:\/\/www.pferdundfahrrad.de\/index.php?rest_route=%2Fwp%2Fv2%2Fmedia&parent=2"}],"curies":[{"name":"wp","href":"https:\/\/api.w.org\/{rel}","templated":true}]}}