{"id":82,"date":"2022-10-24T08:58:00","date_gmt":"2022-10-24T06:58:00","guid":{"rendered":"http:\/\/www.pferdundfahrrad.de\/wp\/?page_id=82"},"modified":"2025-02-13T10:04:21","modified_gmt":"2025-02-13T09:04:21","slug":"impressum-2","status":"publish","type":"page","link":"http:\/\/www.pferdundfahrrad.de\/?page_id=82","title":{"rendered":"Impressum:"},"content":{"rendered":"<h3><span style=\"color: #003366;\">Angaben gem\u00e4\u00df \u00a7 5 TMG:<\/span><\/h3>\n<p><span style=\"color: #003366;\">Fuhrmannshof Hiddensee GBR<\/span><br \/>\n<span style=\"color: #003366;\"> K. Meissner &amp; Bodo Tiburtius<\/span><br \/>\n<span style=\"color: #003366;\"> Achtern Diek 27<\/span><br \/>\n<span style=\"color: #003366;\"> 18565 Vitte<\/span><\/p>\n<p><span style=\"color: #003366;\"><a style=\"color: #003366;\" href=\"http:\/\/www.pferdundfahrrad.de\/\">www.pferdundfahrrad.de<\/a><\/span><\/p>\n<h4 class=\"Stil1\"><span class=\"Stil1\" style=\"color: #003366;\"><span class=\"Stil1\"><span class=\"Stil1\"><span class=\"Stil1\"><br \/>\n<\/span><\/span>18565 Vitte\u00a0\/ HIDDENSEE<\/span><\/span><\/h4>\n<h3><span style=\"color: #003366;\">Vertreten durch:<\/span><\/h3>\n<p><span style=\"color: #003366;\">Bodo Tiburtius<\/span><\/p>\n<h3><span style=\"color: #003366;\">Kontakt:<\/span><\/h3>\n<p><span style=\"color: #003366;\">Telefon:\u00a0(038300) 680 15<\/span><br \/>\n<span style=\"color: #003366;\"> Telefax:\u00a0(038302) 887718<\/span><br \/>\n<span style=\"color: #003366;\"> E &#8211; Mail:\u00a0info@pferdundfahrrad.de<\/span><\/p>\n<p><span style=\"color: #003366;\">Quelle: <em><a style=\"color: #003366;\" href=\"http:\/\/www.e-recht24.de\/impressum-generator.html\" target=\"_blank\" rel=\"nofollow noopener\">http:\/\/www.e-recht24.de<\/a><\/em><\/span><\/p>\n<hr \/>\n<h3><span style=\"color: #003366;\">Haftungsausschluss (Disclaimer)<\/span><\/h3>\n<div class=\"entry-content\">\n<p><span style=\"color: #003366;\"><strong>Haftung f\u00fcr Inhalte<\/strong><\/span><\/p>\n<p><span style=\"color: #003366;\">Als Diensteanbieter sind wir gem\u00e4\u00df \u00a7 7 Abs.1 TMG f\u00fcr eigene Inhalte auf diesen Seiten nach den allgemeinen Gesetzen verantwortlich. Nach \u00a7\u00a7 8 bis 10 TMG sind wir als Diensteanbieter jedoch nicht verpflichtet, \u00fcbermittelte oder gespeicherte fremde Informationen zu \u00fcberwachen oder nach Umst\u00e4nden zu forschen, die auf eine rechtswidrige T\u00e4tigkeit hinweisen. Verpflichtungen zur Entfernung oder Sperrung der Nutzung von Informationen nach den allgemeinen Gesetzen bleiben hiervon unber\u00fchrt. Eine diesbez\u00fcgliche Haftung ist jedoch erst ab dem Zeitpunkt der Kenntnis einer konkreten Rechtsverletzung m\u00f6glich. Bei Bekanntwerden von entsprechenden Rechtsverletzungen werden wir diese Inhalte umgehend entfernen.<\/span><\/p>\n<p><span style=\"color: #003366;\"><strong>Haftung f\u00fcr Links<\/strong><\/span><\/p>\n<p><span style=\"color: #003366;\">Unser Angebot enth\u00e4lt Links zu externen Webseiten Dritter, auf deren Inhalte wir keinen Einfluss haben. Deshalb k\u00f6nnen wir f\u00fcr diese fremden Inhalte auch keine Gew\u00e4hr \u00fcbernehmen. F\u00fcr die Inhalte der verlinkten Seiten ist stets der jeweilige Anbieter oder Betreiber der Seiten verantwortlich. Die verlinkten Seiten wurden zum Zeitpunkt der Verlinkung auf m\u00f6gliche Rechtsverst\u00f6\u00dfe \u00fcberpr\u00fcft. Rechtswidrige Inhalte waren zum Zeitpunkt der Verlinkung nicht erkennbar. Eine permanente inhaltliche Kontrolle der verlinkten Seiten ist jedoch ohne konkrete Anhaltspunkte einer Rechtsverletzung nicht zumutbar. Bei Bekanntwerden von Rechtsverletzungen werden wir derartige Links umgehend entfernen.<\/span><\/p>\n<p><span style=\"color: #003366;\"><strong>Urheberrecht<\/strong><\/span><\/p>\n<p><span style=\"color: #003366;\">Die durch die Seitenbetreiber erstellten Inhalte und Werke auf diesen Seiten unterliegen dem deutschen Urheberrecht. Die Vervielf\u00e4ltigung, Bearbeitung, Verbreitung und jede Art der Verwertung au\u00dferhalb der Grenzen des Urheberrechtes bed\u00fcrfen der schriftlichen Zustimmung des jeweiligen Autors bzw. Erstellers. Downloads und Kopien dieser Seite sind nur f\u00fcr den privaten, nicht kommerziellen Gebrauch gestattet. Soweit die Inhalte auf dieser Seite nicht vom Betreiber erstellt wurden, werden die Urheberrechte Dritter beachtet. Insbesondere werden Inhalte Dritter als solche gekennzeichnet. Sollten Sie trotzdem auf eine Urheberrechtsverletzung aufmerksam werden, bitten wir um einen entsprechenden Hinweis. Bei Bekanntwerden von Rechtsverletzungen werden wir derartige Inhalte umgehend entfernen.<\/span><\/p>\n<h5><span style=\"color: #003366;\"><b><span class=\"Stil53\"><strong>Das<\/strong>\u00a0<u>Copyright\/Urheberrecht:<\/u><\/span><\/b><\/span><\/h5>\n<p><span style=\"color: #003366;\">auf allen Bilder (Klaus-Dieter Lantz) und Texte sowie die Gestaltung liegt bei dem Fuhrmannshof &amp; Fahrradverleih Hiddensee GBR (Vertreten durch Bodo Tiburtius). Die Verwendung dieser Inhalte durch Dritte in elektronischen Medien ist nicht gestattet, es sei denn, es liegt eine schriftliche Genehmigung durch den Webmaster vor.<\/span><\/p>\n<hr \/>\n<\/div>\n<header class=\"entry-header\"><\/header>\n<div class=\"entry-content\"><\/div>\n<hr \/>\n<p><span style=\"color: #999999;\">Copyright \u00a9 2022 Pferdundfahrrad.de<\/span><\/p>\n","protected":false},"excerpt":{"rendered":"<p>Angaben gem\u00e4\u00df \u00a7 5 TMG: Fuhrmannshof Hiddensee GBR K. Meissner &amp; Bodo Tiburtius Achtern Diek 27 18565 Vitte www.pferdundfahrrad.de 18565 Vitte\u00a0\/ HIDDENSEE Vertreten durch: Bodo Tiburtius Kontakt: Telefon:\u00a0(038300) 680 15 Telefax:\u00a0(038302) 887718 E &#8211; Mail:\u00a0info@pferdundfahrrad.de Quelle: http:\/\/www.e-recht24.de Haftungsausschluss (Disclaimer) Haftung f\u00fcr Inhalte Als Diensteanbieter sind wir gem\u00e4\u00df \u00a7 7 Abs.1 TMG f\u00fcr eigene Inhalte auf [&hellip;]<\/p>\n","protected":false},"author":1,"featured_media":0,"parent":2,"menu_order":10,"comment_status":"closed","ping_status":"closed","template":"","meta":{"footnotes":""},"class_list":["post-82","page","type-page","status-publish","hentry"],"yoast_head":"<!-- This site is optimized with the Yoast SEO plugin v27.4 - https:\/\/yoast.com\/product\/yoast-seo-wordpress\/ -->\n<title>Impressum: - Fuhrmannshof Hiddensee GBR<\/title>\n<meta name=\"robots\" content=\"index, follow, max-snippet:-1, max-image-preview:large, max-video-preview:-1\" \/>\n<link rel=\"canonical\" href=\"http:\/\/www.pferdundfahrrad.de\/?page_id=82\" \/>\n<meta property=\"og:locale\" content=\"de_DE\" \/>\n<meta property=\"og:type\" content=\"article\" \/>\n<meta property=\"og:title\" content=\"Impressum: - Fuhrmannshof Hiddensee GBR\" \/>\n<meta property=\"og:description\" content=\"Angaben gem\u00e4\u00df \u00a7 5 TMG: Fuhrmannshof Hiddensee GBR K. Meissner &amp; Bodo Tiburtius Achtern Diek 27 18565 Vitte www.pferdundfahrrad.de 18565 Vitte\u00a0\/ HIDDENSEE Vertreten durch: Bodo Tiburtius Kontakt: Telefon:\u00a0(038300) 680 15 Telefax:\u00a0(038302) 887718 E &#8211; Mail:\u00a0info@pferdundfahrrad.de Quelle: http:\/\/www.e-recht24.de Haftungsausschluss (Disclaimer) Haftung f\u00fcr Inhalte Als Diensteanbieter sind wir gem\u00e4\u00df \u00a7 7 Abs.1 TMG f\u00fcr eigene Inhalte auf [&hellip;]\" \/>\n<meta property=\"og:url\" content=\"http:\/\/www.pferdundfahrrad.de\/?page_id=82\" \/>\n<meta property=\"og:site_name\" content=\"Fuhrmannshof Hiddensee GBR\" \/>\n<meta property=\"article:modified_time\" content=\"2025-02-13T09:04:21+00:00\" \/>\n<meta property=\"og:image\" content=\"http:\/\/www.pferdundfahrrad.de\/wp-content\/uploads\/2015\/06\/Hiddensee.png\" \/>\n\t<meta property=\"og:image:width\" content=\"760\" \/>\n\t<meta property=\"og:image:height\" content=\"388\" \/>\n\t<meta property=\"og:image:type\" content=\"image\/png\" \/>\n<meta name=\"twitter:card\" content=\"summary_large_image\" \/>\n<meta name=\"twitter:label1\" content=\"Gesch\u00e4tzte Lesezeit\" \/>\n\t<meta name=\"twitter:data1\" content=\"3\u00a0Minuten\" \/>\n<script type=\"application\/ld+json\" class=\"yoast-schema-graph\">{\"@context\":\"https:\\\/\\\/schema.org\",\"@graph\":[{\"@type\":\"WebPage\",\"@id\":\"http:\\\/\\\/www.pferdundfahrrad.de\\\/?page_id=82\",\"url\":\"http:\\\/\\\/www.pferdundfahrrad.de\\\/?page_id=82\",\"name\":\"Impressum: - Fuhrmannshof Hiddensee GBR\",\"isPartOf\":{\"@id\":\"https:\\\/\\\/www.pferdundfahrrad.de\\\/#website\"},\"datePublished\":\"2022-10-24T06:58:00+00:00\",\"dateModified\":\"2025-02-13T09:04:21+00:00\",\"breadcrumb\":{\"@id\":\"http:\\\/\\\/www.pferdundfahrrad.de\\\/?page_id=82#breadcrumb\"},\"inLanguage\":\"de\",\"potentialAction\":[{\"@type\":\"ReadAction\",\"target\":[\"http:\\\/\\\/www.pferdundfahrrad.de\\\/?page_id=82\"]}]},{\"@type\":\"BreadcrumbList\",\"@id\":\"http:\\\/\\\/www.pferdundfahrrad.de\\\/?page_id=82#breadcrumb\",\"itemListElement\":[{\"@type\":\"ListItem\",\"position\":1,\"name\":\"Home\",\"item\":\"http:\\\/\\\/www.pferdundfahrrad.de\\\/\"},{\"@type\":\"ListItem\",\"position\":2,\"name\":\"Fuhrmannshof Hiddensee GBR\",\"item\":\"http:\\\/\\\/www.pferdundfahrrad.de\\\/\"},{\"@type\":\"ListItem\",\"position\":3,\"name\":\"Impressum:\"}]},{\"@type\":\"WebSite\",\"@id\":\"https:\\\/\\\/www.pferdundfahrrad.de\\\/#website\",\"url\":\"https:\\\/\\\/www.pferdundfahrrad.de\\\/\",\"name\":\"Fuhrmannshof Hiddensee GBR\",\"description\":\"\",\"potentialAction\":[{\"@type\":\"SearchAction\",\"target\":{\"@type\":\"EntryPoint\",\"urlTemplate\":\"https:\\\/\\\/www.pferdundfahrrad.de\\\/?s={search_term_string}\"},\"query-input\":{\"@type\":\"PropertyValueSpecification\",\"valueRequired\":true,\"valueName\":\"search_term_string\"}}],\"inLanguage\":\"de\"}]}<\/script>\n<!-- \/ Yoast SEO plugin. -->","yoast_head_json":{"title":"Impressum: - Fuhrmannshof Hiddensee GBR","robots":{"index":"index","follow":"follow","max-snippet":"max-snippet:-1","max-image-preview":"max-image-preview:large","max-video-preview":"max-video-preview:-1"},"canonical":"http:\/\/www.pferdundfahrrad.de\/?page_id=82","og_locale":"de_DE","og_type":"article","og_title":"Impressum: - Fuhrmannshof Hiddensee GBR","og_description":"Angaben gem\u00e4\u00df \u00a7 5 TMG: Fuhrmannshof Hiddensee GBR K. Meissner &amp; Bodo Tiburtius Achtern Diek 27 18565 Vitte www.pferdundfahrrad.de 18565 Vitte\u00a0\/ HIDDENSEE Vertreten durch: Bodo Tiburtius Kontakt: Telefon:\u00a0(038300) 680 15 Telefax:\u00a0(038302) 887718 E &#8211; Mail:\u00a0info@pferdundfahrrad.de Quelle: http:\/\/www.e-recht24.de Haftungsausschluss (Disclaimer) Haftung f\u00fcr Inhalte Als Diensteanbieter sind wir gem\u00e4\u00df \u00a7 7 Abs.1 TMG f\u00fcr eigene Inhalte auf [&hellip;]","og_url":"http:\/\/www.pferdundfahrrad.de\/?page_id=82","og_site_name":"Fuhrmannshof Hiddensee GBR","article_modified_time":"2025-02-13T09:04:21+00:00","og_image":[{"width":760,"height":388,"url":"http:\/\/www.pferdundfahrrad.de\/wp-content\/uploads\/2015\/06\/Hiddensee.png","type":"image\/png"}],"twitter_card":"summary_large_image","twitter_misc":{"Gesch\u00e4tzte Lesezeit":"3\u00a0Minuten"},"schema":{"@context":"https:\/\/schema.org","@graph":[{"@type":"WebPage","@id":"http:\/\/www.pferdundfahrrad.de\/?page_id=82","url":"http:\/\/www.pferdundfahrrad.de\/?page_id=82","name":"Impressum: - Fuhrmannshof Hiddensee GBR","isPartOf":{"@id":"https:\/\/www.pferdundfahrrad.de\/#website"},"datePublished":"2022-10-24T06:58:00+00:00","dateModified":"2025-02-13T09:04:21+00:00","breadcrumb":{"@id":"http:\/\/www.pferdundfahrrad.de\/?page_id=82#breadcrumb"},"inLanguage":"de","potentialAction":[{"@type":"ReadAction","target":["http:\/\/www.pferdundfahrrad.de\/?page_id=82"]}]},{"@type":"BreadcrumbList","@id":"http:\/\/www.pferdundfahrrad.de\/?page_id=82#breadcrumb","itemListElement":[{"@type":"ListItem","position":1,"name":"Home","item":"http:\/\/www.pferdundfahrrad.de\/"},{"@type":"ListItem","position":2,"name":"Fuhrmannshof Hiddensee GBR","item":"http:\/\/www.pferdundfahrrad.de\/"},{"@type":"ListItem","position":3,"name":"Impressum:"}]},{"@type":"WebSite","@id":"https:\/\/www.pferdundfahrrad.de\/#website","url":"https:\/\/www.pferdundfahrrad.de\/","name":"Fuhrmannshof Hiddensee GBR","description":"","potentialAction":[{"@type":"SearchAction","target":{"@type":"EntryPoint","urlTemplate":"https:\/\/www.pferdundfahrrad.de\/?s={search_term_string}"},"query-input":{"@type":"PropertyValueSpecification","valueRequired":true,"valueName":"search_term_string"}}],"inLanguage":"de"}]}},"_links":{"self":[{"href":"http:\/\/www.pferdundfahrrad.de\/index.php?rest_route=\/wp\/v2\/pages\/82","targetHints":{"allow":["GET"]}}],"collection":[{"href":"http:\/\/www.pferdundfahrrad.de\/index.php?rest_route=\/wp\/v2\/pages"}],"about":[{"href":"http:\/\/www.pferdundfahrrad.de\/index.php?rest_route=\/wp\/v2\/types\/page"}],"author":[{"embeddable":true,"href":"http:\/\/www.pferdundfahrrad.de\/index.php?rest_route=\/wp\/v2\/users\/1"}],"replies":[{"embeddable":true,"href":"http:\/\/www.pferdundfahrrad.de\/index.php?rest_route=%2Fwp%2Fv2%2Fcomments&post=82"}],"version-history":[{"count":18,"href":"http:\/\/www.pferdundfahrrad.de\/index.php?rest_route=\/wp\/v2\/pages\/82\/revisions"}],"predecessor-version":[{"id":3044,"href":"http:\/\/www.pferdundfahrrad.de\/index.php?rest_route=\/wp\/v2\/pages\/82\/revisions\/3044"}],"up":[{"embeddable":true,"href":"http:\/\/www.pferdundfahrrad.de\/index.php?rest_route=\/wp\/v2\/pages\/2"}],"wp:attachment":[{"href":"http:\/\/www.pferdundfahrrad.de\/index.php?rest_route=%2Fwp%2Fv2%2Fmedia&parent=82"}],"curies":[{"name":"wp","href":"https:\/\/api.w.org\/{rel}","templated":true}]}}